{"id":852,"date":"2024-08-31T10:08:47","date_gmt":"2024-08-31T08:08:47","guid":{"rendered":"https:\/\/threewhitestars.com\/?page_id=852"},"modified":"2024-09-07T09:06:06","modified_gmt":"2024-09-07T07:06:06","slug":"sobre-mi","status":"publish","type":"page","link":"https:\/\/threewhitestars.com\/index.php\/sobre-mi\/","title":{"rendered":"El sobre M\u00ed"},"content":{"rendered":"\t\t<div data-elementor-type=\"wp-page\" data-elementor-id=\"852\" class=\"elementor elementor-852\">\n\t\t\t\t<div class=\"elementor-element elementor-element-f89e4de e-flex e-con-boxed e-con e-parent\" data-id=\"f89e4de\" data-element_type=\"container\" data-e-type=\"container\">\n\t\t\t\t\t<div class=\"e-con-inner\">\n\t\t\t\t<div class=\"elementor-element elementor-element-97e41ec elementor-widget__width-initial elementor-widget elementor-widget-heading\" data-id=\"97e41ec\" data-element_type=\"widget\" data-e-type=\"widget\" data-widget_type=\"heading.default\">\n\t\t\t\t<div class=\"elementor-widget-container\">\n\t\t\t\t\t<h2 class=\"elementor-heading-title elementor-size-default\"> El ingeniero friki<\/h2>\t\t\t\t<\/div>\n\t\t\t\t<\/div>\n\t\t\t\t\t<\/div>\n\t\t\t\t<\/div>\n\t\t<div class=\"elementor-element elementor-element-839a2fd e-flex e-con-boxed e-con e-parent\" data-id=\"839a2fd\" data-element_type=\"container\" data-e-type=\"container\">\n\t\t\t\t\t<div class=\"e-con-inner\">\n\t\t\t\t<div class=\"elementor-element elementor-element-755928c elementor-widget__width-initial elementor-widget elementor-widget-heading\" data-id=\"755928c\" data-element_type=\"widget\" data-e-type=\"widget\" data-widget_type=\"heading.default\">\n\t\t\t\t<div class=\"elementor-widget-container\">\n\t\t\t\t\t<h2 class=\"elementor-heading-title elementor-size-default\">El frikismo puede entrar dentro de tu casa. Ten cuidado de no transformarte en uno de nosotros<\/h2>\t\t\t\t<\/div>\n\t\t\t\t<\/div>\n\t\t\t\t\t<\/div>\n\t\t\t\t<\/div>\n\t\t<div class=\"elementor-element elementor-element-1a2aa46 e-flex e-con-boxed e-con e-parent\" data-id=\"1a2aa46\" data-element_type=\"container\" data-e-type=\"container\">\n\t\t\t\t\t<div class=\"e-con-inner\">\n\t\t\t\t<div class=\"elementor-element elementor-element-b999cf9 elementor-widget__width-initial elementor-widget elementor-widget-text-editor\" data-id=\"b999cf9\" data-element_type=\"widget\" data-e-type=\"widget\" data-widget_type=\"text-editor.default\">\n\t\t\t\t<div class=\"elementor-widget-container\">\n\t\t\t\t\t\t\t\t\t<p>Mi casa apestaba, no porque oliera mal, no.<\/p><p>Si no porque no hab\u00eda quien entrara.<\/p><p>Mis invitados eran como esos clientes que entran una vez en la tienda y si compran algo, es m\u00e1s por pena que otra cosa.<\/p><p>Otros directamente entraban y sal\u00edan como si hubieran visto al mism\u00edsimo diablo.<\/p><p>Mi casa daba repel\u00fas.<\/p><p>Lo confieso.<\/p><p>Y como no estoy aqu\u00ed para mentirte, mi mente es la que daba as-qui-to.<\/p><p>Eso es, tu casa es un reflejo de tus pensamientos.<\/p><p>\u00bfDivertido?<\/p><p>No lo creo, pero no queda otra que aceptarlo.<\/p><p>Las casas son como las personas, altas- bajas, guapas- feas, tontas-listas, morenas-rubias\u2026, pero tambi\u00e9n est\u00e1n sanas o enfermas.<\/p><p>Al igual que t\u00fa y que yo.<br \/>Todos tenemos problemas que debemos afrontar.<\/p><p>No existen casas perfectas, como tampoco personas.<\/p><p>Por supuesto que existen personas excepcionales.<\/p><p>Entre las que me incluyo yo, como no podr\u00eda ser de otra manera.<\/p><p>En realidad no solo yo, sino t\u00fa tambi\u00e9n que est\u00e1s aqu\u00ed.<\/p><p>Porque merecemos ese cambio.<\/p><p>Aunque siempre hay que darnos un empujoncito para que rompamos la barrera de lo establecido.<\/p><p>El Feng Shui expresa las caracter\u00edsticas de la casa y sus posibles enfermedades o imperfecciones.<\/p><p>Es matem\u00e1tica, no hay errores.<\/p><p>T\u00fa me contar\u00e1s aquello que quieres mejorar en tu vida.<\/p><p>Y me mentir\u00e1s para hac\u00e9rmelo creer.<\/p><p>Yo, juntar\u00e9 ambas cosas.<br \/>Y te dir\u00e9 lo que realmente necesitas.<\/p><p>La vida est\u00e1 guiada por nuestras creencias limitantes de nuestro inconsciente y con la ayuda del Feng Shui se hacen visibles.<\/p><p>En mi consultor\u00eda debes prepararte para enfrentarte a tu mayor enemigo.<\/p><p>T\u00fa.<\/p><p>Si t\u00fa, no yo.<\/p><p>Que \u00bfc\u00f3mo lo se?<\/p><p>Yo me enfrent\u00e9 a mi peor enemigo durante muchos a\u00f1os hasta caer en la trampa del sufrimiento.<\/p><p>Ev\u00edtalo.<\/p><p>En serio, ev\u00edtalo.<\/p><p>Te lo resumo r\u00e1pido:<\/p><p>Ingeniero aeron\u00e1utico \u2192 me consideraba a m\u00ed mismo como un fiasco \u2192 siempre en curros decepcionantes \u2192 ca\u00ed aplastado como una bo\u00f1iga \u2192 me deseaba lo peor \u2192 cambi\u00e9 de mentalidad (gracias a Dios) \u2192 buen trabajo \u2192 Feng Shui en mi vida \u2192 mejor casa \u2192 m\u00e1s amor \u2192 m\u00e1s dinero \u2192 y m\u00e1s y m\u00e1s\u2026<\/p><p>Y m\u00e1s y mejor.<\/p><p>No existe el camino f\u00e1cil.<\/p><p>Pero muchas veces los \u00e1rboles no te dejan ver el bosque.<\/p><p>D\u00e9jame despejarte el camino, yo ya pas\u00e9 por \u00e9l y s\u00e9 como hacerlo.<\/p><p>Yo me centro en t\u00ed.<br \/>T\u00fa eres el centro de lo importante.<\/p><p>El prota de la peli.<\/p><p>Empieza tu nueva aventura aqu\u00ed (servicios).<\/p><p>O tambi\u00e9n puedes saber m\u00e1s, mucho m\u00e1s aqu\u00ed (NL).<\/p><p>Disfruta de t\u00ed mismo.<\/p><p>Ten un buen d\u00eda.<\/p>\t\t\t\t\t\t\t\t<\/div>\n\t\t\t\t<\/div>\n\t\t\t\t\t<\/div>\n\t\t\t\t<\/div>\n\t\t\t\t<\/div>\n\t\t","protected":false},"excerpt":{"rendered":"<p>El ingeniero friki El frikismo puede entrar dentro de tu casa. Ten cuidado de no transformarte en uno de nosotros [&hellip;]<\/p>\n","protected":false},"author":1,"featured_media":0,"parent":0,"menu_order":0,"comment_status":"closed","ping_status":"closed","template":"","meta":{"_monsterinsights_skip_tracking":false,"_monsterinsights_sitenote_active":false,"_monsterinsights_sitenote_note":"","_monsterinsights_sitenote_category":0,"site-sidebar-layout":"no-sidebar","site-content-layout":"","ast-site-content-layout":"full-width-container","site-content-style":"default","site-sidebar-style":"default","ast-global-header-display":"","ast-banner-title-visibility":"","ast-main-header-display":"","ast-hfb-above-header-display":"","ast-hfb-below-header-display":"","ast-hfb-mobile-header-display":"","site-post-title":"disabled","ast-breadcrumbs-content":"","ast-featured-img":"disabled","footer-sml-layout":"","theme-transparent-header-meta":"","adv-header-id-meta":"","stick-header-meta":"","header-above-stick-meta":"","header-main-stick-meta":"","header-below-stick-meta":"","astra-migrate-meta-layouts":"default","ast-page-background-enabled":"default","ast-page-background-meta":{"desktop":{"background-color":"var(--ast-global-color-4)","background-image":"","background-repeat":"repeat","background-position":"center center","background-size":"auto","background-attachment":"scroll","background-type":"","background-media":"","overlay-type":"","overlay-color":"","overlay-opacity":"","overlay-gradient":""},"tablet":{"background-color":"","background-image":"","background-repeat":"repeat","background-position":"center center","background-size":"auto","background-attachment":"scroll","background-type":"","background-media":"","overlay-type":"","overlay-color":"","overlay-opacity":"","overlay-gradient":""},"mobile":{"background-color":"","background-image":"","background-repeat":"repeat","background-position":"center center","background-size":"auto","background-attachment":"scroll","background-type":"","background-media":"","overlay-type":"","overlay-color":"","overlay-opacity":"","overlay-gradient":""}},"ast-content-background-meta":{"desktop":{"background-color":"var(--ast-global-color-5)","background-image":"","background-repeat":"repeat","background-position":"center center","background-size":"auto","background-attachment":"scroll","background-type":"","background-media":"","overlay-type":"","overlay-color":"","overlay-opacity":"","overlay-gradient":""},"tablet":{"background-color":"var(--ast-global-color-5)","background-image":"","background-repeat":"repeat","background-position":"center center","background-size":"auto","background-attachment":"scroll","background-type":"","background-media":"","overlay-type":"","overlay-color":"","overlay-opacity":"","overlay-gradient":""},"mobile":{"background-color":"var(--ast-global-color-5)","background-image":"","background-repeat":"repeat","background-position":"center center","background-size":"auto","background-attachment":"scroll","background-type":"","background-media":"","overlay-type":"","overlay-color":"","overlay-opacity":"","overlay-gradient":""}},"_kadence_starter_templates_imported_post":false,"footnotes":""},"class_list":["post-852","page","type-page","status-publish","hentry"],"aioseo_notices":[],"_links":{"self":[{"href":"https:\/\/threewhitestars.com\/index.php\/wp-json\/wp\/v2\/pages\/852"}],"collection":[{"href":"https:\/\/threewhitestars.com\/index.php\/wp-json\/wp\/v2\/pages"}],"about":[{"href":"https:\/\/threewhitestars.com\/index.php\/wp-json\/wp\/v2\/types\/page"}],"author":[{"embeddable":true,"href":"https:\/\/threewhitestars.com\/index.php\/wp-json\/wp\/v2\/users\/1"}],"replies":[{"embeddable":true,"href":"https:\/\/threewhitestars.com\/index.php\/wp-json\/wp\/v2\/comments?post=852"}],"version-history":[{"count":57,"href":"https:\/\/threewhitestars.com\/index.php\/wp-json\/wp\/v2\/pages\/852\/revisions"}],"predecessor-version":[{"id":941,"href":"https:\/\/threewhitestars.com\/index.php\/wp-json\/wp\/v2\/pages\/852\/revisions\/941"}],"wp:attachment":[{"href":"https:\/\/threewhitestars.com\/index.php\/wp-json\/wp\/v2\/media?parent=852"}],"curies":[{"name":"wp","href":"https:\/\/api.w.org\/{rel}","templated":true}]}}